{"id":44,"date":"2024-11-29T23:03:04","date_gmt":"2024-11-29T23:03:04","guid":{"rendered":"https:\/\/vidaylujo.com\/?page_id=44"},"modified":"2025-01-27T12:17:31","modified_gmt":"2025-01-27T12:17:31","slug":"home-2","status":"publish","type":"page","link":"https:\/\/vidaylujo.com\/","title":{"rendered":"Noticias Destacadas"},"content":{"rendered":"\t\t<div data-elementor-type=\"wp-page\" data-elementor-id=\"44\" class=\"elementor elementor-44\">\n\t\t\t\t<div class=\"elementor-element elementor-element-cae14e6 e-flex e-con-boxed e-con e-parent\" data-id=\"cae14e6\" data-element_type=\"container\">\n\t\t\t\t\t<div class=\"e-con-inner\">\n\t\t\t\t<div class=\"elementor-element elementor-element-33f1fe2 elementor-grid-eael-col-2 elementor-grid-tablet-eael-col-2 elementor-grid-mobile-eael-col-1 elementor-widget elementor-widget-eael-post-grid\" data-id=\"33f1fe2\" data-element_type=\"widget\" data-settings=\"{&quot;eael_post_grid_columns&quot;:&quot;eael-col-2&quot;,&quot;eael_post_grid_columns_tablet&quot;:&quot;eael-col-2&quot;,&quot;eael_post_grid_columns_mobile&quot;:&quot;eael-col-1&quot;}\" data-widget_type=\"eael-post-grid.default\">\n\t\t\t\t<div class=\"elementor-widget-container\">\n\t\t\t\t\t<div id=\"eael-post-grid-33f1fe2\" class=\"eael-post-grid-container\">\n            <div class=\"eael-post-grid eael-post-appender eael-post-appender-33f1fe2 eael-post-grid-style-two\" data-layout-mode=\"masonry\"><article class=\"eael-grid-post eael-post-grid-column\" data-id=\"146\">\n        <div class=\"eael-grid-post-holder\">\n            <div class=\"eael-grid-post-holder-inner\"><div class=\"eael-entry-media\"><div class=\"eael-entry-overlay fade-in\"><i class=\"fas fa-long-arrow-alt-right\" aria-hidden=\"true\"><\/i><a href=\"https:\/\/vidaylujo.com\/?p=146\"><\/a><\/div><div class=\"eael-entry-thumbnail eael-image-ratio\">\n                                <img fetchpriority=\"high\" decoding=\"async\" width=\"1280\" height=\"720\" src=\"https:\/\/vidaylujo.com\/wp-content\/uploads\/2025\/01\/Heliesqui_1.png\" class=\"attachment-full size-full wp-image-129\" alt=\"\" srcset=\"https:\/\/vidaylujo.com\/wp-content\/uploads\/2025\/01\/Heliesqui_1.png 1280w, https:\/\/vidaylujo.com\/wp-content\/uploads\/2025\/01\/Heliesqui_1-300x169.png 300w, https:\/\/vidaylujo.com\/wp-content\/uploads\/2025\/01\/Heliesqui_1-1024x576.png 1024w, https:\/\/vidaylujo.com\/wp-content\/uploads\/2025\/01\/Heliesqui_1-768x432.png 768w\" sizes=\"(max-width: 1280px) 100vw, 1280px\" \/>\n                              <\/div>\n                      <\/div><div class=\"eael-entry-wrapper\"><header class=\"eael-entry-header\"><h2 class=\"eael-entry-title\"><a class=\"eael-grid-post-link\" href=\"https:\/\/vidaylujo.com\/?p=146\" title=\"Heliesqu\u00ed en Groenlandia: Una experiencia de Lujo convertida en aventura.\u00a0\">Heliesqu\u00ed en Groenlandia: Una experiencia de Lujo convertida en aventura.\u00a0<\/a><\/h2><\/header><div class=\"eael-entry-header-after style-two\"><div class=\"eael-entry-meta\"><span class=\"eael-posted-by\"><a href=\"https:\/\/vidaylujo.com\/?author=3\" title=\"Entradas de Alfonso Gil\" rel=\"author\">Alfonso Gil<\/a><\/span><span class=\"eael-posted-on eael-meta-posted-on\"><i class=\"far fa-clock\"><\/i><time datetime=\"enero 27, 2025\">enero 27, 2025<\/time><\/span><\/div><\/div><div class=\"eael-entry-content\">\n                                    <div class=\"eael-grid-post-excerpt\"><p>Si alguna vez hab\u00edas so\u00f1ado combinar una aventura extrema, el...<\/p><a\n                                        href=\"https:\/\/vidaylujo.com\/?p=146\"\n                                        class=\"eael-post-elements-readmore-btn\">Leer m\u00e1s<\/a><\/div>\n                                <\/div><\/div><\/div>\n        <\/div>\n    <\/article><article class=\"eael-grid-post eael-post-grid-column\" data-id=\"144\">\n        <div class=\"eael-grid-post-holder\">\n            <div class=\"eael-grid-post-holder-inner\"><div class=\"eael-entry-media\"><div class=\"eael-entry-overlay fade-in\"><i class=\"fas fa-long-arrow-alt-right\" aria-hidden=\"true\"><\/i><a href=\"https:\/\/vidaylujo.com\/?p=144\"><\/a><\/div><div class=\"eael-entry-thumbnail eael-image-ratio\">\n                                <img decoding=\"async\" width=\"1920\" height=\"1224\" src=\"https:\/\/vidaylujo.com\/wp-content\/uploads\/2025\/01\/Tequila-Ley_925.png\" class=\"attachment-full size-full wp-image-133\" alt=\"\" srcset=\"https:\/\/vidaylujo.com\/wp-content\/uploads\/2025\/01\/Tequila-Ley_925.png 1920w, https:\/\/vidaylujo.com\/wp-content\/uploads\/2025\/01\/Tequila-Ley_925-300x191.png 300w, https:\/\/vidaylujo.com\/wp-content\/uploads\/2025\/01\/Tequila-Ley_925-1024x653.png 1024w, https:\/\/vidaylujo.com\/wp-content\/uploads\/2025\/01\/Tequila-Ley_925-768x490.png 768w, https:\/\/vidaylujo.com\/wp-content\/uploads\/2025\/01\/Tequila-Ley_925-1536x979.png 1536w\" sizes=\"(max-width: 1920px) 100vw, 1920px\" \/>\n                              <\/div>\n                      <\/div><div class=\"eael-entry-wrapper\"><header class=\"eael-entry-header\"><h2 class=\"eael-entry-title\"><a class=\"eael-grid-post-link\" href=\"https:\/\/vidaylujo.com\/?p=144\" title=\"La Ley del Diamante: La Botella de Tequila M\u00e1s Cara del Mundo\">La Ley del Diamante: La Botella de Tequila M\u00e1s Cara del Mundo<\/a><\/h2><\/header><div class=\"eael-entry-header-after style-two\"><div class=\"eael-entry-meta\"><span class=\"eael-posted-by\"><a href=\"https:\/\/vidaylujo.com\/?author=3\" title=\"Entradas de Alfonso Gil\" rel=\"author\">Alfonso Gil<\/a><\/span><span class=\"eael-posted-on eael-meta-posted-on\"><i class=\"far fa-clock\"><\/i><time datetime=\"enero 27, 2025\">enero 27, 2025<\/time><\/span><\/div><\/div><div class=\"eael-entry-content\">\n                                    <div class=\"eael-grid-post-excerpt\"><p>Cuando el lujo, el arte y la herencia cultural se...<\/p><a\n                                        href=\"https:\/\/vidaylujo.com\/?p=144\"\n                                        class=\"eael-post-elements-readmore-btn\">Leer m\u00e1s<\/a><\/div>\n                                <\/div><\/div><\/div>\n        <\/div>\n    <\/article><article class=\"eael-grid-post eael-post-grid-column\" data-id=\"142\">\n        <div class=\"eael-grid-post-holder\">\n            <div class=\"eael-grid-post-holder-inner\"><div class=\"eael-entry-media\"><div class=\"eael-entry-overlay fade-in\"><i class=\"fas fa-long-arrow-alt-right\" aria-hidden=\"true\"><\/i><a href=\"https:\/\/vidaylujo.com\/?p=142\"><\/a><\/div><div class=\"eael-entry-thumbnail eael-image-ratio\">\n                                <img decoding=\"async\" width=\"800\" height=\"517\" src=\"https:\/\/vidaylujo.com\/wp-content\/uploads\/2025\/01\/Rising_Sun_1.png\" class=\"attachment-full size-full wp-image-134\" alt=\"\" srcset=\"https:\/\/vidaylujo.com\/wp-content\/uploads\/2025\/01\/Rising_Sun_1.png 800w, https:\/\/vidaylujo.com\/wp-content\/uploads\/2025\/01\/Rising_Sun_1-300x194.png 300w, https:\/\/vidaylujo.com\/wp-content\/uploads\/2025\/01\/Rising_Sun_1-768x496.png 768w\" sizes=\"(max-width: 800px) 100vw, 800px\" \/>\n                              <\/div>\n                      <\/div><div class=\"eael-entry-wrapper\"><header class=\"eael-entry-header\"><h2 class=\"eael-entry-title\"><a class=\"eael-grid-post-link\" href=\"https:\/\/vidaylujo.com\/?p=142\" title=\"Rising Sun, el yate preferido de las Kardashian\">Rising Sun, el yate preferido de las Kardashian<\/a><\/h2><\/header><div class=\"eael-entry-header-after style-two\"><div class=\"eael-entry-meta\"><span class=\"eael-posted-by\"><a href=\"https:\/\/vidaylujo.com\/?author=3\" title=\"Entradas de Alfonso Gil\" rel=\"author\">Alfonso Gil<\/a><\/span><span class=\"eael-posted-on eael-meta-posted-on\"><i class=\"far fa-clock\"><\/i><time datetime=\"enero 27, 2025\">enero 27, 2025<\/time><\/span><\/div><\/div><div class=\"eael-entry-content\">\n                                    <div class=\"eael-grid-post-excerpt\"><p>Este \u00faltimo verano se ha visto por las playas de...<\/p><a\n                                        href=\"https:\/\/vidaylujo.com\/?p=142\"\n                                        class=\"eael-post-elements-readmore-btn\">Leer m\u00e1s<\/a><\/div>\n                                <\/div><\/div><\/div>\n        <\/div>\n    <\/article><article class=\"eael-grid-post eael-post-grid-column\" data-id=\"140\">\n        <div class=\"eael-grid-post-holder\">\n            <div class=\"eael-grid-post-holder-inner\"><div class=\"eael-entry-media\"><div class=\"eael-entry-overlay fade-in\"><i class=\"fas fa-long-arrow-alt-right\" aria-hidden=\"true\"><\/i><a href=\"https:\/\/vidaylujo.com\/?p=140\"><\/a><\/div><div class=\"eael-entry-thumbnail eael-image-ratio\">\n                                <img loading=\"lazy\" decoding=\"async\" width=\"281\" height=\"179\" src=\"https:\/\/vidaylujo.com\/wp-content\/uploads\/2025\/01\/Shumukh_1.png\" class=\"attachment-full size-full wp-image-137\" alt=\"\" \/>\n                              <\/div>\n                      <\/div><div class=\"eael-entry-wrapper\"><header class=\"eael-entry-header\"><h2 class=\"eael-entry-title\"><a class=\"eael-grid-post-link\" href=\"https:\/\/vidaylujo.com\/?p=140\" title=\"Shumukh: El perfume de las mil y una noches\">Shumukh: El perfume de las mil y una noches<\/a><\/h2><\/header><div class=\"eael-entry-header-after style-two\"><div class=\"eael-entry-meta\"><span class=\"eael-posted-by\"><a href=\"https:\/\/vidaylujo.com\/?author=3\" title=\"Entradas de Alfonso Gil\" rel=\"author\">Alfonso Gil<\/a><\/span><span class=\"eael-posted-on eael-meta-posted-on\"><i class=\"far fa-clock\"><\/i><time datetime=\"enero 27, 2025\">enero 27, 2025<\/time><\/span><\/div><\/div><div class=\"eael-entry-content\">\n                                    <div class=\"eael-grid-post-excerpt\"><p>Imaginemos un perfume que, como Sherezade, es capaz de transportarnos...<\/p><a\n                                        href=\"https:\/\/vidaylujo.com\/?p=140\"\n                                        class=\"eael-post-elements-readmore-btn\">Leer m\u00e1s<\/a><\/div>\n                                <\/div><\/div><\/div>\n        <\/div>\n    <\/article><\/div>\n            <div class=\"clearfix\"><\/div>\n        <\/div>\t\t\t\t<\/div>\n\t\t\t\t<\/div>\n\t\t\t\t\t<\/div>\n\t\t\t\t<\/div>\n\t\t\t\t<\/div>\n\t\t","protected":false},"excerpt":{"rendered":"<p>Heliesqu\u00ed en Groenlandia: Una experiencia de Lujo convertida en aventura.\u00a0 Alfonso Gilenero 27, 2025 Si alguna vez hab\u00edas so\u00f1ado combinar una aventura extrema, el&#8230; Leer m\u00e1s La Ley del Diamante: La Botella de Tequila M\u00e1s Cara del Mundo Alfonso Gilenero 27, 2025 Cuando el lujo, el arte y la herencia cultural se&#8230; Leer m\u00e1s Rising [&hellip;]<\/p>\n","protected":false},"author":3,"featured_media":0,"parent":0,"menu_order":0,"comment_status":"closed","ping_status":"closed","template":"","meta":{"footnotes":""},"class_list":["post-44","page","type-page","status-publish","hentry"],"yoast_head":"<!-- This site is optimized with the Yoast SEO plugin v24.3 - https:\/\/yoast.com\/wordpress\/plugins\/seo\/ -->\n<title>Noticias Destacadas -<\/title>\n<meta name=\"robots\" content=\"index, follow, max-snippet:-1, max-image-preview:large, max-video-preview:-1\" \/>\n<link rel=\"canonical\" href=\"https:\/\/vidaylujo.com\/\" \/>\n<meta property=\"og:locale\" content=\"es_ES\" \/>\n<meta property=\"og:type\" content=\"article\" \/>\n<meta property=\"og:title\" content=\"Noticias Destacadas -\" \/>\n<meta property=\"og:description\" content=\"Heliesqu\u00ed en Groenlandia: Una experiencia de Lujo convertida en aventura.\u00a0 Alfonso Gilenero 27, 2025 Si alguna vez hab\u00edas so\u00f1ado combinar una aventura extrema, el&#8230; Leer m\u00e1s La Ley del Diamante: La Botella de Tequila M\u00e1s Cara del Mundo Alfonso Gilenero 27, 2025 Cuando el lujo, el arte y la herencia cultural se&#8230; Leer m\u00e1s Rising [&hellip;]\" \/>\n<meta property=\"og:url\" content=\"https:\/\/vidaylujo.com\/\" \/>\n<meta property=\"article:modified_time\" content=\"2025-01-27T12:17:31+00:00\" \/>\n<meta property=\"og:image\" content=\"https:\/\/vidaylujo.com\/wp-content\/uploads\/2025\/01\/Heliesqui_1.png\" \/>\n<meta name=\"twitter:card\" content=\"summary_large_image\" \/>\n<meta name=\"twitter:label1\" content=\"Tiempo de lectura\" \/>\n\t<meta name=\"twitter:data1\" content=\"2 minutos\" \/>\n<script type=\"application\/ld+json\" class=\"yoast-schema-graph\">{\"@context\":\"https:\/\/schema.org\",\"@graph\":[{\"@type\":\"WebPage\",\"@id\":\"https:\/\/vidaylujo.com\/\",\"url\":\"https:\/\/vidaylujo.com\/\",\"name\":\"Noticias Destacadas -\",\"isPartOf\":{\"@id\":\"https:\/\/vidaylujo.com\/#website\"},\"primaryImageOfPage\":{\"@id\":\"https:\/\/vidaylujo.com\/#primaryimage\"},\"image\":{\"@id\":\"https:\/\/vidaylujo.com\/#primaryimage\"},\"thumbnailUrl\":\"https:\/\/vidaylujo.com\/wp-content\/uploads\/2025\/01\/Heliesqui_1.png\",\"datePublished\":\"2024-11-29T23:03:04+00:00\",\"dateModified\":\"2025-01-27T12:17:31+00:00\",\"breadcrumb\":{\"@id\":\"https:\/\/vidaylujo.com\/#breadcrumb\"},\"inLanguage\":\"es\",\"potentialAction\":[{\"@type\":\"ReadAction\",\"target\":[\"https:\/\/vidaylujo.com\/\"]}]},{\"@type\":\"ImageObject\",\"inLanguage\":\"es\",\"@id\":\"https:\/\/vidaylujo.com\/#primaryimage\",\"url\":\"https:\/\/vidaylujo.com\/wp-content\/uploads\/2025\/01\/Heliesqui_1.png\",\"contentUrl\":\"https:\/\/vidaylujo.com\/wp-content\/uploads\/2025\/01\/Heliesqui_1.png\",\"width\":1280,\"height\":720},{\"@type\":\"BreadcrumbList\",\"@id\":\"https:\/\/vidaylujo.com\/#breadcrumb\",\"itemListElement\":[{\"@type\":\"ListItem\",\"position\":1,\"name\":\"Portada\",\"item\":\"https:\/\/vidaylujo.com\/\"},{\"@type\":\"ListItem\",\"position\":2,\"name\":\"Noticias Destacadas\"}]},{\"@type\":\"WebSite\",\"@id\":\"https:\/\/vidaylujo.com\/#website\",\"url\":\"https:\/\/vidaylujo.com\/\",\"name\":\"vidaylujo.com\",\"description\":\"\",\"potentialAction\":[{\"@type\":\"SearchAction\",\"target\":{\"@type\":\"EntryPoint\",\"urlTemplate\":\"https:\/\/vidaylujo.com\/?s={search_term_string}\"},\"query-input\":{\"@type\":\"PropertyValueSpecification\",\"valueRequired\":true,\"valueName\":\"search_term_string\"}}],\"inLanguage\":\"es\"}]}<\/script>\n<!-- \/ Yoast SEO plugin. -->","yoast_head_json":{"title":"Noticias Destacadas -","robots":{"index":"index","follow":"follow","max-snippet":"max-snippet:-1","max-image-preview":"max-image-preview:large","max-video-preview":"max-video-preview:-1"},"canonical":"https:\/\/vidaylujo.com\/","og_locale":"es_ES","og_type":"article","og_title":"Noticias Destacadas -","og_description":"Heliesqu\u00ed en Groenlandia: Una experiencia de Lujo convertida en aventura.\u00a0 Alfonso Gilenero 27, 2025 Si alguna vez hab\u00edas so\u00f1ado combinar una aventura extrema, el&#8230; Leer m\u00e1s La Ley del Diamante: La Botella de Tequila M\u00e1s Cara del Mundo Alfonso Gilenero 27, 2025 Cuando el lujo, el arte y la herencia cultural se&#8230; Leer m\u00e1s Rising [&hellip;]","og_url":"https:\/\/vidaylujo.com\/","article_modified_time":"2025-01-27T12:17:31+00:00","og_image":[{"url":"https:\/\/vidaylujo.com\/wp-content\/uploads\/2025\/01\/Heliesqui_1.png","type":"","width":"","height":""}],"twitter_card":"summary_large_image","twitter_misc":{"Tiempo de lectura":"2 minutos"},"schema":{"@context":"https:\/\/schema.org","@graph":[{"@type":"WebPage","@id":"https:\/\/vidaylujo.com\/","url":"https:\/\/vidaylujo.com\/","name":"Noticias Destacadas -","isPartOf":{"@id":"https:\/\/vidaylujo.com\/#website"},"primaryImageOfPage":{"@id":"https:\/\/vidaylujo.com\/#primaryimage"},"image":{"@id":"https:\/\/vidaylujo.com\/#primaryimage"},"thumbnailUrl":"https:\/\/vidaylujo.com\/wp-content\/uploads\/2025\/01\/Heliesqui_1.png","datePublished":"2024-11-29T23:03:04+00:00","dateModified":"2025-01-27T12:17:31+00:00","breadcrumb":{"@id":"https:\/\/vidaylujo.com\/#breadcrumb"},"inLanguage":"es","potentialAction":[{"@type":"ReadAction","target":["https:\/\/vidaylujo.com\/"]}]},{"@type":"ImageObject","inLanguage":"es","@id":"https:\/\/vidaylujo.com\/#primaryimage","url":"https:\/\/vidaylujo.com\/wp-content\/uploads\/2025\/01\/Heliesqui_1.png","contentUrl":"https:\/\/vidaylujo.com\/wp-content\/uploads\/2025\/01\/Heliesqui_1.png","width":1280,"height":720},{"@type":"BreadcrumbList","@id":"https:\/\/vidaylujo.com\/#breadcrumb","itemListElement":[{"@type":"ListItem","position":1,"name":"Portada","item":"https:\/\/vidaylujo.com\/"},{"@type":"ListItem","position":2,"name":"Noticias Destacadas"}]},{"@type":"WebSite","@id":"https:\/\/vidaylujo.com\/#website","url":"https:\/\/vidaylujo.com\/","name":"vidaylujo.com","description":"","potentialAction":[{"@type":"SearchAction","target":{"@type":"EntryPoint","urlTemplate":"https:\/\/vidaylujo.com\/?s={search_term_string}"},"query-input":{"@type":"PropertyValueSpecification","valueRequired":true,"valueName":"search_term_string"}}],"inLanguage":"es"}]}},"_links":{"self":[{"href":"https:\/\/vidaylujo.com\/index.php?rest_route=\/wp\/v2\/pages\/44","targetHints":{"allow":["GET"]}}],"collection":[{"href":"https:\/\/vidaylujo.com\/index.php?rest_route=\/wp\/v2\/pages"}],"about":[{"href":"https:\/\/vidaylujo.com\/index.php?rest_route=\/wp\/v2\/types\/page"}],"author":[{"embeddable":true,"href":"https:\/\/vidaylujo.com\/index.php?rest_route=\/wp\/v2\/users\/3"}],"replies":[{"embeddable":true,"href":"https:\/\/vidaylujo.com\/index.php?rest_route=%2Fwp%2Fv2%2Fcomments&post=44"}],"version-history":[{"count":11,"href":"https:\/\/vidaylujo.com\/index.php?rest_route=\/wp\/v2\/pages\/44\/revisions"}],"predecessor-version":[{"id":168,"href":"https:\/\/vidaylujo.com\/index.php?rest_route=\/wp\/v2\/pages\/44\/revisions\/168"}],"wp:attachment":[{"href":"https:\/\/vidaylujo.com\/index.php?rest_route=%2Fwp%2Fv2%2Fmedia&parent=44"}],"curies":[{"name":"wp","href":"https:\/\/api.w.org\/{rel}","templated":true}]}}